{"id":104,"date":"2021-05-17T15:55:31","date_gmt":"2021-05-17T12:55:31","guid":{"rendered":"http:\/\/www.kimted.com\/?post_type=product&#038;p=104"},"modified":"2024-03-26T16:13:33","modified_gmt":"2024-03-26T13:13:33","slug":"oksijen-emici-oksijen-absorber-deoxidizer-200cc","status":"publish","type":"product","link":"http:\/\/www.kimted.com\/?product=oksijen-emici-oksijen-absorber-deoxidizer-200cc","title":{"rendered":"Oksijen Emici | Oksijen absorber | Deoxidizer 200cc"},"content":{"rendered":"<h1 style=\"text-align: center;\">Oksijen Emici &#8211; Oksijen absorber &#8211; Deoxidizer 200cc<\/h1>\n<h3>Oksijen, mikroorganizmalar\u0131n b\u00fcy\u00fcmesini destekler ve paketlenmi\u015f g\u0131dalarda renk de\u011fi\u015fikliklerine ve k\u00f6t\u00fc kokulara neden olur.\u00a0Plastik ambalajlar, eski cam ve metal kaplara g\u00f6re paketlenmi\u015f g\u0131dalardaki oksijeni daha az d\u0131\u015far\u0131da tutabilir.\u00a0Oksijen emiciler oksijeni emer ve aerobik ortam\u0131 etkili bir \u015fekilde% 0 oksijene d\u00fc\u015f\u00fcr\u00fcr.\u00a0Bu nedenle aerobik bakteri ve mantarlar bu ortamda \u00e7o\u011falamazlar.\u00a0Bu, bir g\u0131da \u00fcr\u00fcn\u00fcn\u00fcn raf \u00f6mr\u00fcn\u00fc 1 haftadan birka\u00e7 aya uzatacakt\u0131r.<\/h3>\n<h4>OKS\u0130JEN EM\u0130C\u0130LERLE \u0130LG\u0130L\u0130 UYARILAR<\/h4>\n<p>Oksijen emicinin etkinli\u011fi i\u00e7in ambalaj\u0131n kendisi ve g\u0131da torbas\u0131 \/ kap s\u0131zd\u0131rmazl\u0131\u011f\u0131 \u00e7ok \u00f6nemlidir.\u00a0K\u00fc\u00e7\u00fck bir ambalaj hatas\u0131 veya s\u0131z\u0131nt\u0131s\u0131, oksijen emiciyi i\u015fe yaramaz hale getirebilir ve paketin i\u00e7indeki i\u00e7erik yok olur.<\/p>\n<p>Bu nedenle, y\u00fcksek bariyerli paketleme (d\u00fc\u015f\u00fck oksijen iletim oran\u0131na sahip) ve verimli s\u0131zd\u0131rmazl\u0131k tekniklerinin kullan\u0131lmas\u0131 gerekir.\u00a0Oksijen emiciler, koruduklar\u0131 g\u0131dalar\u0131n su aktivitesine uyacak \u015fekilde farkl\u0131 form\u00fclasyonlarda yap\u0131l\u0131r.<\/p>\n<p>Baz\u0131lar\u0131 sert kabuklu yemi\u015fler ve kuru tah\u0131llar gibi kuru g\u0131dalarda, baz\u0131lar\u0131 ise ekmek ve i\u015flenmi\u015f etler gibi nemli g\u0131dalarda kullan\u0131lmak \u00fczere tasarlanm\u0131\u015ft\u0131r.\u00a0\u00c7o\u011fu form\u00fclasyonda aktif bile\u015fen, toz haline getirilmi\u015f demir veya demir tuzlar\u0131d\u0131r.\u00a0Oksijen, demir oksitler \u00fcretmek i\u00e7in demir ile reaksiyona girer.<\/p>\n","protected":false},"excerpt":{"rendered":"<h3><\/h3>\n<h3>Oksijen emici, g\u0131dan\u0131n raf \u00f6mr\u00fcn\u00fc uzatmak i\u00e7in kullan\u0131lan k\u00fc\u00e7\u00fck bir malzeme paketidir.\u00a0G\u0131da ambalaj\u0131nda \u200b\u200bg\u0131da renk de\u011fi\u015fimini \u00f6nlemek, g\u0131dalardaki ya\u011flar\u0131n k\u00fcflenmesini \u00f6nlemek ve ayr\u0131ca mantar gibi oksijen kullanan aerobik mikroorganizmalar\u0131n b\u00fcy\u00fcmesini \u00f6nlemek i\u00e7in kullan\u0131l\u0131rlar.<\/h3>\n","protected":false},"featured_media":100,"comment_status":"open","ping_status":"closed","template":"","meta":[],"product_cat":[15,20],"product_tag":[135,136,169,137,138,139,167,140,141,142,143,144,145,146,147,148,149,150,151,152,153,154,155,156,157,158,159,160,161,162,163,168,164,165,166],"class_list":{"0":"post-104","1":"product","2":"type-product","3":"status-publish","4":"has-post-thumbnail","6":"product_cat-tum-urunler","7":"product_cat-oksijen-emici","8":"product_tag-100cc","9":"product_tag-100cc-oksijen-emici","10":"product_tag-169","11":"product_tag-200cc","12":"product_tag-30cc","13":"product_tag-cc-oksijen-emici","14":"product_tag-deoxi","15":"product_tag-deoxidizer","16":"product_tag-gida-icin-oksijen-emici","17":"product_tag-gida-muhafazasi","18":"product_tag-gidanin-bozulmasini-onleyen-madde","19":"product_tag-hava-emici","20":"product_tag-marmarabirlik-oksijen-emici","21":"product_tag-oksi","22":"product_tag-oksijen","23":"product_tag-oksijen-absorbe-edici","24":"product_tag-oksijen-absorber","25":"product_tag-oksijen-absorber-paket","26":"product_tag-oksijen-alici","27":"product_tag-oksijen-cekici","28":"product_tag-oksijen-emici","29":"product_tag-oksijen-emici-fiyat","30":"product_tag-oksijen-emici-fiyatlari","31":"product_tag-oksijen-emici-nasil-kullanilir","32":"product_tag-oksijen-emici-nedir","33":"product_tag-oksijen-emici-paket","34":"product_tag-oksijen-emici-tablet","35":"product_tag-oksijen-emici-zararlari","36":"product_tag-oksijen-giderici","37":"product_tag-oksijen-giderici-madde","38":"product_tag-oksijen-paketi","39":"product_tag-oksijen-tutucu","40":"product_tag-oxygen","41":"product_tag-oxygen-absorber","42":"product_tag-unite","44":"first","45":"instock","46":"shipping-taxable","47":"product-type-simple"},"jetpack_sharing_enabled":true,"jetpack-related-posts":[],"_links":{"self":[{"href":"http:\/\/www.kimted.com\/index.php?rest_route=\/wp\/v2\/product\/104","targetHints":{"allow":["GET"]}}],"collection":[{"href":"http:\/\/www.kimted.com\/index.php?rest_route=\/wp\/v2\/product"}],"about":[{"href":"http:\/\/www.kimted.com\/index.php?rest_route=\/wp\/v2\/types\/product"}],"replies":[{"embeddable":true,"href":"http:\/\/www.kimted.com\/index.php?rest_route=%2Fwp%2Fv2%2Fcomments&post=104"}],"wp:featuredmedia":[{"embeddable":true,"href":"http:\/\/www.kimted.com\/index.php?rest_route=\/wp\/v2\/media\/100"}],"wp:attachment":[{"href":"http:\/\/www.kimted.com\/index.php?rest_route=%2Fwp%2Fv2%2Fmedia&parent=104"}],"wp:term":[{"taxonomy":"product_cat","embeddable":true,"href":"http:\/\/www.kimted.com\/index.php?rest_route=%2Fwp%2Fv2%2Fproduct_cat&post=104"},{"taxonomy":"product_tag","embeddable":true,"href":"http:\/\/www.kimted.com\/index.php?rest_route=%2Fwp%2Fv2%2Fproduct_tag&post=104"}],"curies":[{"name":"wp","href":"https:\/\/api.w.org\/{rel}","templated":true}]}}