{"id":21,"date":"2021-05-04T10:29:35","date_gmt":"2021-05-04T07:29:35","guid":{"rendered":"http:\/\/www.kimted.com\/?post_type=product&#038;p=21"},"modified":"2024-07-09T08:23:00","modified_gmt":"2024-07-09T05:23:00","slug":"05-grlik-silikajel","status":"publish","type":"product","link":"http:\/\/www.kimted.com\/?product=05-grlik-silikajel","title":{"rendered":"0,5 gr&#8217;l\u0131k Silikajel"},"content":{"rendered":"<h1>Nem Al\u0131c\u0131 Silika jel 0,5 gr<\/h1>\n<h2>Nem Al\u0131c\u0131 Silikajel ( silica gel ) desiccant<br \/>\n\u00d6zel Vakumlu Ambalaj\u0131nda<br \/>\n0,5 \u2013 1 graml\u0131k 2000 Adetlik veya daha fazla Ambalajlarda.<\/h2>\n<ul>\n<li>End\u00fcstriyel hava kurutma sistemleri<\/li>\n<li>Hassas bir\u00e7ok malzemenin g\u00fcvenli ve kuru saklanmas\u0131nda<\/li>\n<li>Rutubet istenmeyen her t\u00fcr ortamda<\/li>\n<li>Trafo<\/li>\n<li>Elektronik \u00dcr\u00fcnlerin korunmas\u0131nda<\/li>\n<li>G\u0131dalar\u0131n korunmas\u0131nda<\/li>\n<li>\u0130la\u00e7lar\u0131n korunmas\u0131nda<\/li>\n<li>Bu \u00fcr\u00fcn Terlik ayakkab\u0131, \u00e7orap, g\u00f6mlek, benzeri tekstik \u00fcr\u00fcnlerin nem ve rutubet<\/li>\n<li>\u00f6nlemedeki \u00e7\u00f6z\u00fcmlerinde kullan\u0131m\u0131 uygundur..<\/li>\n<\/ul>\n<p>&nbsp;<\/p>\n<p>&nbsp;<\/p>\n","protected":false},"excerpt":{"rendered":"<h4>Nem Al\u0131c\u0131 <a href=\"http:\/\/www.kimted.com\/?page_id=8\">Silikajel<\/a> 0,5 gr\u00a0 2000 Adet\u2019lik paketlerde.<\/h4>\n<h5><strong>Paket \u00d6l\u00e7\u00fcleri: 3x2cm<\/strong><\/h5>\n","protected":false},"featured_media":22,"comment_status":"open","ping_status":"closed","template":"","meta":[],"product_cat":[15,19],"product_tag":[25,26,96,27,28,29,30,31,32,33,34,35,36,37,38,39,40,41,42,43,44,45,46,47,48,49,50,51,52,53,54,55,56,57,58,59,60,61,62,63,64,65,66,67,68,69,70,71,72,73,74,75,76,77,78,79,80,81,82,83,84,85,86,87,88,89,90,91,92,93,94,95],"class_list":{"0":"post-21","1":"product","2":"type-product","3":"status-publish","4":"has-post-thumbnail","6":"product_cat-tum-urunler","7":"product_cat-silikajel","8":"product_tag-0-5gr","9":"product_tag-0-7gr","10":"product_tag-05gr","11":"product_tag-ayakkabi-icin-silikajel","12":"product_tag-desicant","13":"product_tag-desiccant","14":"product_tag-desikant","15":"product_tag-dessicant","16":"product_tag-fiyatlari","17":"product_tag-kimted","18":"product_tag-kimyasallar","19":"product_tag-korozyn-onleyici","20":"product_tag-korozyon-onleyici","21":"product_tag-kuf-giderici","22":"product_tag-kurutucu","23":"product_tag-laboratuvar-malzemeleri","24":"product_tag-mavi-silikajel","25":"product_tag-merck","26":"product_tag-nem","27":"product_tag-nem-alici","28":"product_tag-nem-alici-fiyatlari","29":"product_tag-nem-alici-kimyasal","30":"product_tag-nem-alici-kocaeli","31":"product_tag-nem-alici-msds","32":"product_tag-nem-alici-paket","33":"product_tag-nem-alici-poset","34":"product_tag-nem-alici-silikajel","35":"product_tag-nem-alici-tablet","36":"product_tag-nem-alicilar","37":"product_tag-nem-cek","38":"product_tag-nem-cekici","39":"product_tag-nem-cekici-maddeler","40":"product_tag-nem-e-son","41":"product_tag-nem-emici","42":"product_tag-nem-engelleyici","43":"product_tag-nem-giderici","44":"product_tag-nem-giderici-tablet","45":"product_tag-nem-kovucu","46":"product_tag-nem-nasil-onlenir","47":"product_tag-nem-onler","48":"product_tag-nem-onleyici","49":"product_tag-nem-onleyiciler","50":"product_tag-nem-tut","51":"product_tag-nem-tutan","52":"product_tag-nem-tutucu","53":"product_tag-nem-tutucu-derince","54":"product_tag-nem-tutucu-kimyasal","55":"product_tag-nem-tutucu-maddeler","56":"product_tag-nem-ve-rutubet-emici","57":"product_tag-nem-ve-rutubet-giderici","58":"product_tag-nem-ve-rutubet-giderici-aparat","59":"product_tag-nem-ve-rutubet-onleyici","60":"product_tag-nem-ve-rutubet-onleyiciler","61":"product_tag-nemalici-com","62":"product_tag-nemcik","63":"product_tag-neme-son","64":"product_tag-nemeson","65":"product_tag-nemlendirici","66":"product_tag-nemlendirici-dessicant","67":"product_tag-nemlendirici-silikajel","68":"product_tag-riedel","69":"product_tag-rutubet","70":"product_tag-rutubet-emici","71":"product_tag-rutubet-giderici","72":"product_tag-rutubet-nasil-onlenir","73":"product_tag-rutubet-onleme","74":"product_tag-rutubet-onleyici","75":"product_tag-rutubet-onleyiciler","76":"product_tag-sertifika","77":"product_tag-sodium-silikat","78":"product_tag-takstil-icin-silikajel","79":"product_tag-trafo-icin-nem-alici","81":"first","82":"instock","83":"sale","84":"shipping-taxable","85":"purchasable","86":"product-type-simple"},"jetpack_sharing_enabled":true,"jetpack-related-posts":[],"_links":{"self":[{"href":"http:\/\/www.kimted.com\/index.php?rest_route=\/wp\/v2\/product\/21","targetHints":{"allow":["GET"]}}],"collection":[{"href":"http:\/\/www.kimted.com\/index.php?rest_route=\/wp\/v2\/product"}],"about":[{"href":"http:\/\/www.kimted.com\/index.php?rest_route=\/wp\/v2\/types\/product"}],"replies":[{"embeddable":true,"href":"http:\/\/www.kimted.com\/index.php?rest_route=%2Fwp%2Fv2%2Fcomments&post=21"}],"wp:featuredmedia":[{"embeddable":true,"href":"http:\/\/www.kimted.com\/index.php?rest_route=\/wp\/v2\/media\/22"}],"wp:attachment":[{"href":"http:\/\/www.kimted.com\/index.php?rest_route=%2Fwp%2Fv2%2Fmedia&parent=21"}],"wp:term":[{"taxonomy":"product_cat","embeddable":true,"href":"http:\/\/www.kimted.com\/index.php?rest_route=%2Fwp%2Fv2%2Fproduct_cat&post=21"},{"taxonomy":"product_tag","embeddable":true,"href":"http:\/\/www.kimted.com\/index.php?rest_route=%2Fwp%2Fv2%2Fproduct_tag&post=21"}],"curies":[{"name":"wp","href":"https:\/\/api.w.org\/{rel}","templated":true}]}}