{"id":57,"date":"2021-05-04T17:27:47","date_gmt":"2021-05-04T14:27:47","guid":{"rendered":"http:\/\/www.kimted.com\/?post_type=product&#038;p=57"},"modified":"2024-08-09T18:05:25","modified_gmt":"2024-08-09T15:05:25","slug":"2grlik-silikajel","status":"publish","type":"product","link":"http:\/\/www.kimted.com\/?product=2grlik-silikajel","title":{"rendered":"2gr&#8217;l\u0131k Silikajel"},"content":{"rendered":"<h2>Nem Al\u0131c\u0131\u00a0<a href=\"http:\/\/www.kimted.com\/?page_id=8\">Silikajel<\/a> 2 gr\u00a0 1000 Adet\u2019lik paketlerde.<\/h2>\n<h3>Ebatlar: 4,5x3cm<\/h3>\n<ul>\n<li>End\u00fcstriyel hava kurutma sistemleri<\/li>\n<li>Hassas bir\u00e7ok malzemenin g\u00fcvenli ve kuru saklanmas\u0131nda<\/li>\n<li>Rutubet istenmeyen her t\u00fcr ortamda<\/li>\n<li>Trafo<\/li>\n<li>Elektronik \u00dcr\u00fcnlerin korunmas\u0131nda<\/li>\n<li>G\u0131dalar\u0131n korunmas\u0131nda<\/li>\n<li>\u0130la\u00e7lar\u0131n korunmas\u0131nda<\/li>\n<li>Bu \u00fcr\u00fcn Terlik ayakkab\u0131, \u00e7orap, g\u00f6mlek, benzeri tekstik \u00fcr\u00fcnlerin nem ve rutubet<\/li>\n<li>\u00f6nlemedeki \u00e7\u00f6z\u00fcmlerinde kullan\u0131m\u0131 uygundur..<\/li>\n<li>Corona test kitlerinde.<\/li>\n<\/ul>\n","protected":false},"excerpt":{"rendered":"<h2>Nem Al\u0131c\u0131\u00a0<a href=\"http:\/\/www.kimted.com\/?page_id=8\">Silikajel<\/a> 2 gr\u00a0 1000 Adet\u2019lik paketlerde.<\/h2>\n<h3>Paket \u00d6l\u00e7\u00fcleri: 4,5x3cm<\/h3>\n<p>&nbsp;<\/p>\n","protected":false},"featured_media":58,"comment_status":"open","ping_status":"closed","template":"","meta":[],"product_cat":[15,19],"product_tag":[114,115,27,108,28,29,30,33,117,116,35,36,37,43,59,65,68,81,101,100,102,106,103,107,112,111,110,105,99,104,109,113],"class_list":{"0":"post-57","1":"product","2":"type-product","3":"status-publish","4":"has-post-thumbnail","6":"product_cat-tum-urunler","7":"product_cat-silikajel","8":"product_tag-2gr","9":"product_tag-2grlik-silikajel","10":"product_tag-ayakkabi-icin-silikajel","11":"product_tag-beyaz-silikajel","12":"product_tag-desicant","13":"product_tag-desiccant","14":"product_tag-desikant","15":"product_tag-kimted","16":"product_tag-konpak","17":"product_tag-konteynir-kurutucu","18":"product_tag-korozyn-onleyici","19":"product_tag-korozyon-onleyici","20":"product_tag-kuf-giderici","21":"product_tag-nem-alici","22":"product_tag-nem-giderici","23":"product_tag-nem-onleyiciler","24":"product_tag-nem-tutucu","25":"product_tag-nemlendirici","26":"product_tag-silica-gel","27":"product_tag-silicagel","28":"product_tag-silika-jel","29":"product_tag-silika-jel-fiyati","30":"product_tag-silika-jel-koctas","31":"product_tag-silika-jel-krem","32":"product_tag-silika-jel-nasil-kullanilir","33":"product_tag-silika-jel-nereden-alinir","34":"product_tag-silika-jel-tozu","35":"product_tag-silika-jel-trendyol","36":"product_tag-silikajel","37":"product_tag-toz-silika-jel","38":"product_tag-trafo-silikajel","39":"product_tag-trafo-silikajeli","41":"first","42":"instock","43":"shipping-taxable","44":"product-type-simple"},"jetpack_sharing_enabled":true,"jetpack-related-posts":[],"_links":{"self":[{"href":"http:\/\/www.kimted.com\/index.php?rest_route=\/wp\/v2\/product\/57","targetHints":{"allow":["GET"]}}],"collection":[{"href":"http:\/\/www.kimted.com\/index.php?rest_route=\/wp\/v2\/product"}],"about":[{"href":"http:\/\/www.kimted.com\/index.php?rest_route=\/wp\/v2\/types\/product"}],"replies":[{"embeddable":true,"href":"http:\/\/www.kimted.com\/index.php?rest_route=%2Fwp%2Fv2%2Fcomments&post=57"}],"wp:featuredmedia":[{"embeddable":true,"href":"http:\/\/www.kimted.com\/index.php?rest_route=\/wp\/v2\/media\/58"}],"wp:attachment":[{"href":"http:\/\/www.kimted.com\/index.php?rest_route=%2Fwp%2Fv2%2Fmedia&parent=57"}],"wp:term":[{"taxonomy":"product_cat","embeddable":true,"href":"http:\/\/www.kimted.com\/index.php?rest_route=%2Fwp%2Fv2%2Fproduct_cat&post=57"},{"taxonomy":"product_tag","embeddable":true,"href":"http:\/\/www.kimted.com\/index.php?rest_route=%2Fwp%2Fv2%2Fproduct_tag&post=57"}],"curies":[{"name":"wp","href":"https:\/\/api.w.org\/{rel}","templated":true}]}}