{"id":88,"date":"2021-05-17T13:24:57","date_gmt":"2021-05-17T10:24:57","guid":{"rendered":"http:\/\/www.kimted.com\/?post_type=product&#038;p=88"},"modified":"2021-05-17T17:12:40","modified_gmt":"2021-05-17T14:12:40","slug":"konteynir-kurutucu-container-dri-i","status":"publish","type":"product","link":"http:\/\/www.kimted.com\/?product=konteynir-kurutucu-container-dri-i","title":{"rendered":"Konteyn\u0131r kurutucu ( Container Dri I )"},"content":{"rendered":"<h4>Havadaki nemi\u00a0<b>gideren<\/b>\u00a0maddelere\u00a0<b>Kurutucu<\/b>\u00a0denir\u00a0.\u00a0En yayg\u0131n kullan\u0131lan kurutucular, muhtemelen, do\u011fru ko\u015fullar alt\u0131nda nemi iyi emen bir t\u00fcr g\u00f6zenekli cams\u0131 madde olan <a href=\"http:\/\/www.kimted.com\/\">silika jeldir<\/a>.\u00a0Kaplarda kullan\u0131ld\u0131klar\u0131nda, en iyi oda s\u0131cakl\u0131\u011f\u0131nda ve genellikle kaplarda bulunan \u00e7ok daha y\u00fcksek s\u0131cakl\u0131klarda olmad\u0131klar\u0131 i\u00e7in \u00f6l\u00fcmc\u00fcl kusurlara sahiptirler.<\/h4>\n<h5><b>Kuru Hava Konteyneri Kurutucular\u0131<\/b>\u00a0,\u00a0<b>kalsiyum klor\u00fcr<\/b>\u00a0bazl\u0131 nakliye konteyn\u0131rlar\u0131 i\u00e7in g\u0131da s\u0131n\u0131f\u0131 bile\u015fenlerle \u00f6zel olarak tasarlanm\u0131\u015f ve form\u00fcle edilmi\u015ftir ve\u00a0geni\u015f bir s\u0131cakl\u0131k aral\u0131\u011f\u0131nda g\u00fc\u00e7l\u00fc bir absorpsiyona sahiptir.\u00a0\u00d6rne\u011fin Bizim gibi sadece kalsiyum klorid emiciler,\u00a0<b>kap kurutucu<\/b>\u00a0,\u00a0<b>sorbdry kurutucu madde<\/b>\u00a0ya da\u00a0<b>y\u00fcksek g\u00fc\u00e7 kurutucu madde<\/b>\u00a0ve\u00a0<b>kil kurutucu<\/b>\u00a0\u00f6denek emilen nem, hava ile temas etmesini sa\u011flamak i\u00e7in, bu sorun serbesttir.\u00a0Kuru Hava kab\u0131 kurutucular\u0131n\u0131n emme kapasitesi, silika jelden 8 ila 10 kat daha fazlad\u0131r.\u00a0Ve biz \u015feklinde kurutucu sunuyoruz\u00a0<b>Konteyner Desiccant \u00c7anta<\/b>\u00a0,\u00a0<b>Konteyner Desiccant \u015eeritler<\/b> ,\u00a0<b>Konteyner kurutucu paketleri<\/b>\u00a0vb.<\/h5>\n<p>Kuru Hava kab\u0131 kurutucular\u0131 nemi emecek ve deniz yolculu\u011fu s\u0131ras\u0131nda bile y\u00fcksek s\u0131cakl\u0131klarda nemi havaya geri d\u00f6nd\u00fcrmeyecek kal\u0131n bir jel formunda paketlerin i\u00e7inde tutacakt\u0131r. Kuru Hava kab\u0131 kurutucular\u0131, DUPONT &#8216;un en iyi \u00dcr\u00fcn\u00fc olan Tyvek adl\u0131 \u00f6zel malzemede ve PP spun bond nonwoven ile iyi paketlenmi\u015ftir. Emilen nem, Tyvek &#8216;in do\u011fas\u0131 gere\u011fi ve hava ile y\u00fcksek y\u00fczey temas\u0131 olan kurutucu torbalar\u0131n veya kurutucu paketlerin i\u00e7inde istiflenecektir.<\/p>\n<div>\n<h3 class=\"black module-title\">\u00a0<b>KONTEYNER NEM ALICI \u00d6ZELL\u0130KLER\u0130<\/b><\/h3>\n<\/div>\n<div>\n<ol>\n<li>\n<h4>Deniz Yoluyla Ta\u015f\u0131ma S\u0131ras\u0131nda Nem, Yo\u011fu\u015fma hasarlar\u0131, Konteyner Terlemesi, Konteyner Ya\u011fmurunu \u00d6nler.<\/h4>\n<\/li>\n<li>\n<h4>Konteyner ba\u015f\u0131na Silis Jele g\u00f6re daha d\u00fc\u015f\u00fck maliyetler.<\/h4>\n<\/li>\n<li>\n<h4>% 200&#8217;den fazla emilim.<\/h4>\n<\/li>\n<li>\n<h4>Toksik olmayan ve \u00c7evre dostu.<\/h4>\n<\/li>\n<li>\n<h4>Tam yolculu\u011fa kadar uzun \u00f6m\u00fcrl\u00fc.<\/h4>\n<\/li>\n<li>\n<h4>DMF Yok &#8211; Biyosit Yok.<\/h4>\n<\/li>\n<li>\n<h4>S\u0131zd\u0131rmaz &#8211; \u00e7ift katmanl\u0131 paketlenmi\u015f.<\/h4>\n<\/li>\n<li>\n<h4>Kolay kurulum.<\/h4>\n<\/li>\n<\/ol>\n<\/div>\n","protected":false},"excerpt":{"rendered":"<p>Konteyn\u0131r Kurutucu ( Container dri I )<\/p>\n<p>1kg&#8217;l\u0131k plastik ask\u0131l\u0131 ambalajlarda<\/p>\n<p>20 Adet&#8217;lik kolilerde.<\/p>\n<p>&nbsp;<\/p>\n","protected":false},"featured_media":0,"comment_status":"open","ping_status":"closed","template":"","meta":[],"product_cat":[15,118,19],"product_tag":[130,108,129,128,122,121,29,170,125,124,123,134,117,119,126,127,120,131,116,43,50,64,68,70,81,133,107,99,132,109],"class_list":{"0":"post-88","1":"product","2":"type-product","3":"status-publish","5":"product_cat-tum-urunler","6":"product_cat-konteynir-kurutucu","7":"product_cat-silikajel","8":"product_tag-aktif-alumina","9":"product_tag-beyaz-silikajel","10":"product_tag-clariant-nem-alici","11":"product_tag-con-pack-plus","12":"product_tag-container-dri1","13":"product_tag-container-kurutucu","14":"product_tag-desiccant","15":"product_tag-dmf-free","16":"product_tag-dri-i","17":"product_tag-dri-ii","18":"product_tag-driii","19":"product_tag-kimpak","20":"product_tag-konpak","21":"product_tag-konteynir","22":"product_tag-konteynir-desiccant","23":"product_tag-konteynir-desikanti","24":"product_tag-konteynir-dri-1","25":"product_tag-konteynir-kuruma","26":"product_tag-konteynir-kurutucu","27":"product_tag-nem-alici","28":"product_tag-nem-alici-silikajel","29":"product_tag-nem-onleyici","30":"product_tag-nem-tutucu","31":"product_tag-nem-tutucu-kimyasal","32":"product_tag-nemlendirici","33":"product_tag-silika-jel-fiyat","34":"product_tag-silika-jel-krem","35":"product_tag-silikajel","36":"product_tag-silikajel-koctas","37":"product_tag-trafo-silikajel","39":"first","40":"instock","41":"shipping-taxable","42":"product-type-simple"},"jetpack_sharing_enabled":true,"jetpack-related-posts":[],"_links":{"self":[{"href":"http:\/\/www.kimted.com\/index.php?rest_route=\/wp\/v2\/product\/88","targetHints":{"allow":["GET"]}}],"collection":[{"href":"http:\/\/www.kimted.com\/index.php?rest_route=\/wp\/v2\/product"}],"about":[{"href":"http:\/\/www.kimted.com\/index.php?rest_route=\/wp\/v2\/types\/product"}],"replies":[{"embeddable":true,"href":"http:\/\/www.kimted.com\/index.php?rest_route=%2Fwp%2Fv2%2Fcomments&post=88"}],"wp:attachment":[{"href":"http:\/\/www.kimted.com\/index.php?rest_route=%2Fwp%2Fv2%2Fmedia&parent=88"}],"wp:term":[{"taxonomy":"product_cat","embeddable":true,"href":"http:\/\/www.kimted.com\/index.php?rest_route=%2Fwp%2Fv2%2Fproduct_cat&post=88"},{"taxonomy":"product_tag","embeddable":true,"href":"http:\/\/www.kimted.com\/index.php?rest_route=%2Fwp%2Fv2%2Fproduct_tag&post=88"}],"curies":[{"name":"wp","href":"https:\/\/api.w.org\/{rel}","templated":true}]}}